{"id":245,"date":"2022-09-03T11:15:42","date_gmt":"2022-09-03T11:15:42","guid":{"rendered":"https:\/\/peak-sports.de\/?page_id=245"},"modified":"2025-07-28T10:47:55","modified_gmt":"2025-07-28T10:47:55","slug":"coaching-bei-peak-sports-de","status":"publish","type":"page","link":"https:\/\/peak-sports.de\/en\/coaching-bei-peak-sports-de\/","title":{"rendered":"Coaching"},"content":{"rendered":"<div data-elementor-type=\"wp-page\" data-elementor-id=\"245\" class=\"elementor elementor-245\">\n\t\t\t\t\t\t<section class=\"elementor-section elementor-top-section elementor-element elementor-element-58066ad6 elementor-section-height-min-height elementor-section-items-top elementor-section-boxed elementor-section-height-default\" data-id=\"58066ad6\" data-element_type=\"section\" data-e-type=\"section\" data-settings=\"{&quot;background_background&quot;:&quot;classic&quot;,&quot;shape_divider_bottom&quot;:&quot;curve&quot;}\">\n\t\t\t\t\t\t\t<div class=\"elementor-background-overlay\"><\/div>\n\t\t\t\t\t\t<div class=\"elementor-shape elementor-shape-bottom\" aria-hidden=\"true\" data-negative=\"false\">\n\t\t\t<svg xmlns=\"http:\/\/www.w3.org\/2000\/svg\" viewbox=\"0 0 1000 100\" preserveaspectratio=\"none\">\n    <path class=\"elementor-shape-fill\" d=\"M1000,4.3V0H0v4.3C0.9,23.1,126.7,99.2,500,100S1000,22.7,1000,4.3z\"\/>\n<\/svg>\t\t<\/div>\n\t\t\t\t\t<div class=\"elementor-container elementor-column-gap-default\">\n\t\t\t\t\t<div class=\"elementor-column elementor-col-100 elementor-top-column elementor-element elementor-element-1a9855d7\" data-id=\"1a9855d7\" data-element_type=\"column\" data-e-type=\"column\">\n\t\t\t<div class=\"elementor-widget-wrap elementor-element-populated\">\n\t\t\t\t\t\t<div class=\"elementor-element elementor-element-4ca37cb9 elementor-widget elementor-widget-heading\" data-id=\"4ca37cb9\" data-element_type=\"widget\" data-e-type=\"widget\" data-widget_type=\"heading.default\">\n\t\t\t\t<div class=\"elementor-widget-container\">\n\t\t\t\t\t<h2 class=\"elementor-heading-title elementor-size-default\">Was wir zusammen <br>erreichen k\u00f6nnen<\/h2>\t\t\t\t<\/div>\n\t\t\t\t<\/div>\n\t\t\t\t\t<\/div>\n\t\t<\/div>\n\t\t\t\t\t<\/div>\n\t\t<\/section>\n\t\t\t\t<section class=\"elementor-section elementor-top-section elementor-element elementor-element-9ae7dae elementor-section-boxed elementor-section-height-default elementor-section-height-default\" data-id=\"9ae7dae\" data-element_type=\"section\" data-e-type=\"section\">\n\t\t\t\t\t\t<div class=\"elementor-container elementor-column-gap-default\">\n\t\t\t\t\t\t<\/div>\n\t\t<\/section>\n\t\t\t\t<section class=\"elementor-section elementor-top-section elementor-element elementor-element-6ed5e8a elementor-section-boxed elementor-section-height-default elementor-section-height-default\" data-id=\"6ed5e8a\" data-element_type=\"section\" data-e-type=\"section\" data-settings=\"{&quot;background_background&quot;:&quot;classic&quot;}\">\n\t\t\t\t\t\t<div class=\"elementor-container elementor-column-gap-default\">\n\t\t\t\t\t<div class=\"elementor-column elementor-col-100 elementor-top-column elementor-element elementor-element-e1ab5f5\" data-id=\"e1ab5f5\" data-element_type=\"column\" data-e-type=\"column\">\n\t\t\t<div class=\"elementor-widget-wrap elementor-element-populated\">\n\t\t\t\t\t\t<div class=\"elementor-element elementor-element-188a910 elementor-widget elementor-widget-text-editor\" data-id=\"188a910\" data-element_type=\"widget\" data-e-type=\"widget\" data-widget_type=\"text-editor.default\">\n\t\t\t\t<div class=\"elementor-widget-container\">\n\t\t\t\t\t\t\t\t\t<h4>Du hast ein Ziel, ein Projekt, einen Wunsch?<\/h4><p>Dann erz\u00e4hle mir davon und wir planen den Weg dorthin. Egal ob 5 km Volkslauf oder ein IRONMAN. Wir schaffen das!<\/p><p>Nach Deinen W\u00fcnschen, Deinen Ideen, gepaart mit meiner Erfahrung: Ein Trainingsplan passend zu Deinem Alltag.\u00a0<br \/>Dabei sind der Zusammenarbeit keine Grenzen gesetzt: Ob wir uns online besprechen, Du zum Einzeltraining in die Poschm\u00fchle kommst oder Du eines unserer Camps in Zypern besuchst &#8211; alles wie Du es willst &#8211; individuell und direkt.\u00a0<\/p><div>Melde dich gerne kostenlos und unverbindlich: +49 (0)171 93 888 42<\/div><div>Mehr Informationen findest du unter <a href=\"https:\/\/www.coach-klemm.de\/\">https:\/\/www.coach-klemm.de\/<\/a><\/div><div>\u00a0<\/div><div>Ich freue mich auf Dich.\u00a0<\/div><div>Peter<\/div>\t\t\t\t\t\t\t\t<\/div>\n\t\t\t\t<\/div>\n\t\t\t\t\t<\/div>\n\t\t<\/div>\n\t\t\t\t\t<\/div>\n\t\t<\/section>\n\t\t\t\t<section class=\"elementor-section elementor-top-section elementor-element elementor-element-32a272a elementor-section-boxed elementor-section-height-default elementor-section-height-default\" data-id=\"32a272a\" data-element_type=\"section\" data-e-type=\"section\" data-settings=\"{&quot;background_background&quot;:&quot;classic&quot;}\">\n\t\t\t\t\t\t<div class=\"elementor-container elementor-column-gap-default\">\n\t\t\t\t\t<div class=\"elementor-column elementor-col-33 elementor-top-column elementor-element elementor-element-342e5fc\" data-id=\"342e5fc\" data-element_type=\"column\" data-e-type=\"column\">\n\t\t\t<div class=\"elementor-widget-wrap elementor-element-populated\">\n\t\t\t\t\t\t<div class=\"elementor-element elementor-element-70426dd elementor-widget elementor-widget-image\" data-id=\"70426dd\" data-element_type=\"widget\" data-e-type=\"widget\" data-widget_type=\"image.default\">\n\t\t\t\t<div class=\"elementor-widget-container\">\n\t\t\t\t\t\t\t\t\t\t\t\t\t\t\t<img fetchpriority=\"high\" decoding=\"async\" width=\"1200\" height=\"700\" src=\"https:\/\/peak-sports.de\/wp-content\/uploads\/2022\/09\/Coaching_1-1200x700.jpg\" class=\"attachment-ocean-thumb-l size-ocean-thumb-l wp-image-1008\" alt=\"Das Ziel ist erreicht\" \/>\t\t\t\t\t\t\t\t\t\t\t\t\t\t\t<\/div>\n\t\t\t\t<\/div>\n\t\t\t\t\t<\/div>\n\t\t<\/div>\n\t\t\t\t<div class=\"elementor-column elementor-col-33 elementor-top-column elementor-element elementor-element-a766928\" data-id=\"a766928\" data-element_type=\"column\" data-e-type=\"column\">\n\t\t\t<div class=\"elementor-widget-wrap elementor-element-populated\">\n\t\t\t\t\t\t<div class=\"elementor-element elementor-element-d8c2e52 elementor-widget elementor-widget-image\" data-id=\"d8c2e52\" data-element_type=\"widget\" data-e-type=\"widget\" data-widget_type=\"image.default\">\n\t\t\t\t<div class=\"elementor-widget-container\">\n\t\t\t\t\t\t\t\t\t\t\t\t\t\t\t<img decoding=\"async\" width=\"1200\" height=\"700\" src=\"https:\/\/peak-sports.de\/wp-content\/uploads\/2022\/09\/Coaching_2-1200x700.jpg\" class=\"attachment-ocean-thumb-l size-ocean-thumb-l wp-image-1009\" alt=\"Coaching am Schwimmbecken\" srcset=\"https:\/\/peak-sports.de\/wp-content\/uploads\/2022\/09\/Coaching_2-1200x700.jpg 1200w, https:\/\/peak-sports.de\/wp-content\/uploads\/2022\/09\/Coaching_2-18x12.jpg 18w\" sizes=\"(max-width: 1200px) 100vw, 1200px\" \/>\t\t\t\t\t\t\t\t\t\t\t\t\t\t\t<\/div>\n\t\t\t\t<\/div>\n\t\t\t\t\t<\/div>\n\t\t<\/div>\n\t\t\t\t<div class=\"elementor-column elementor-col-33 elementor-top-column elementor-element elementor-element-98fb6bf\" data-id=\"98fb6bf\" data-element_type=\"column\" data-e-type=\"column\">\n\t\t\t<div class=\"elementor-widget-wrap elementor-element-populated\">\n\t\t\t\t\t\t<div class=\"elementor-element elementor-element-cc54a0e elementor-widget elementor-widget-image\" data-id=\"cc54a0e\" data-element_type=\"widget\" data-e-type=\"widget\" data-widget_type=\"image.default\">\n\t\t\t\t<div class=\"elementor-widget-container\">\n\t\t\t\t\t\t\t\t\t\t\t\t\t\t\t<img decoding=\"async\" width=\"960\" height=\"720\" src=\"https:\/\/peak-sports.de\/wp-content\/uploads\/2022\/09\/Coaching_4.jpg\" class=\"attachment-large size-large wp-image-1022\" alt=\"Stolz werden die Medaillen bezeigt\" srcset=\"https:\/\/peak-sports.de\/wp-content\/uploads\/2022\/09\/Coaching_4.jpg 960w, https:\/\/peak-sports.de\/wp-content\/uploads\/2022\/09\/Coaching_4-300x225.jpg 300w, https:\/\/peak-sports.de\/wp-content\/uploads\/2022\/09\/Coaching_4-768x576.jpg 768w, https:\/\/peak-sports.de\/wp-content\/uploads\/2022\/09\/Coaching_4-16x12.jpg 16w\" sizes=\"(max-width: 960px) 100vw, 960px\" \/>\t\t\t\t\t\t\t\t\t\t\t\t\t\t\t<\/div>\n\t\t\t\t<\/div>\n\t\t\t\t\t<\/div>\n\t\t<\/div>\n\t\t\t\t\t<\/div>\n\t\t<\/section>\n\t\t\t\t<\/div>","protected":false},"excerpt":{"rendered":"<p>Was wir zusammen erreichen k\u00f6nnen Du hast ein Ziel, ein Projekt, einen Wunsch? Dann erz\u00e4hle mir davon und wir planen den Weg dorthin. Egal ob 5 km Volkslauf oder ein IRONMAN. Wir schaffen das! Nach Deinen W\u00fcnschen, Deinen Ideen, gepaart mit meiner Erfahrung: Ein Trainingsplan passend zu Deinem Alltag.\u00a0Dabei sind der Zusammenarbeit keine Grenzen gesetzt: [&hellip;]<\/p>\n","protected":false},"author":1,"featured_media":0,"parent":0,"menu_order":0,"comment_status":"closed","ping_status":"closed","template":"","meta":{"ocean_post_layout":"full-screen","ocean_both_sidebars_style":"","ocean_both_sidebars_content_width":0,"ocean_both_sidebars_sidebars_width":0,"ocean_sidebar":"0","ocean_second_sidebar":"0","ocean_disable_margins":"on","ocean_add_body_class":"","ocean_shortcode_before_top_bar":"","ocean_shortcode_after_top_bar":"","ocean_shortcode_before_header":"","ocean_shortcode_after_header":"","ocean_has_shortcode":"","ocean_shortcode_after_title":"","ocean_shortcode_before_footer_widgets":"","ocean_shortcode_after_footer_widgets":"","ocean_shortcode_before_footer_bottom":"","ocean_shortcode_after_footer_bottom":"","ocean_display_top_bar":"off","ocean_display_header":"on","ocean_header_style":"minimal","ocean_center_header_left_menu":"0","ocean_custom_header_template":"0","ocean_custom_logo":0,"ocean_custom_retina_logo":0,"ocean_custom_logo_max_width":0,"ocean_custom_logo_tablet_max_width":0,"ocean_custom_logo_mobile_max_width":0,"ocean_custom_logo_max_height":0,"ocean_custom_logo_tablet_max_height":0,"ocean_custom_logo_mobile_max_height":0,"ocean_header_custom_menu":"9","ocean_menu_typo_font_family":"0","ocean_menu_typo_font_subset":"","ocean_menu_typo_font_size":0,"ocean_menu_typo_font_size_tablet":0,"ocean_menu_typo_font_size_mobile":0,"ocean_menu_typo_font_size_unit":"px","ocean_menu_typo_font_weight":"","ocean_menu_typo_font_weight_tablet":"","ocean_menu_typo_font_weight_mobile":"","ocean_menu_typo_transform":"","ocean_menu_typo_transform_tablet":"","ocean_menu_typo_transform_mobile":"","ocean_menu_typo_line_height":0,"ocean_menu_typo_line_height_tablet":0,"ocean_menu_typo_line_height_mobile":0,"ocean_menu_typo_line_height_unit":"","ocean_menu_typo_spacing":0,"ocean_menu_typo_spacing_tablet":0,"ocean_menu_typo_spacing_mobile":0,"ocean_menu_typo_spacing_unit":"","ocean_menu_link_color":"#eae9be","ocean_menu_link_color_hover":"","ocean_menu_link_color_active":"#eae9be","ocean_menu_link_background":"","ocean_menu_link_hover_background":"","ocean_menu_link_active_background":"","ocean_menu_social_links_bg":"","ocean_menu_social_hover_links_bg":"","ocean_menu_social_links_color":"","ocean_menu_social_hover_links_color":"","ocean_disable_title":"on","ocean_disable_heading":"default","ocean_post_title":"","ocean_post_subheading":"","ocean_post_title_style":"","ocean_post_title_background_color":"","ocean_post_title_background":0,"ocean_post_title_bg_image_position":"","ocean_post_title_bg_image_attachment":"","ocean_post_title_bg_image_repeat":"","ocean_post_title_bg_image_size":"","ocean_post_title_height":0,"ocean_post_title_bg_overlay":0.5,"ocean_post_title_bg_overlay_color":"","ocean_disable_breadcrumbs":"default","ocean_breadcrumbs_color":"","ocean_breadcrumbs_separator_color":"","ocean_breadcrumbs_links_color":"","ocean_breadcrumbs_links_hover_color":"","ocean_display_footer_widgets":"default","ocean_display_footer_bottom":"default","ocean_custom_footer_template":"0","footnotes":""},"class_list":["post-245","page","type-page","status-publish","hentry","entry"],"yoast_head":"<!-- This site is optimized with the Yoast SEO plugin v27.4 - https:\/\/yoast.com\/product\/yoast-seo-wordpress\/ -->\n<title>Coaching - peak-sports<\/title>\n<meta name=\"description\" content=\"Coaching bei peak-sports.de - von und mit Peter Klemm: F\u00fcr deinen Weg zu deinem Ziel mit viel Freude und Abwechslung, alltagstauglich.\" \/>\n<meta name=\"robots\" content=\"index, follow, max-snippet:-1, max-image-preview:large, max-video-preview:-1\" \/>\n<link rel=\"canonical\" href=\"https:\/\/peak-sports.de\/en\/coaching-bei-peak-sports-de\/\" \/>\n<meta property=\"og:locale\" content=\"en_US\" \/>\n<meta property=\"og:type\" content=\"article\" \/>\n<meta property=\"og:title\" content=\"Coaching - peak-sports\" \/>\n<meta property=\"og:description\" content=\"Coaching bei peak-sports.de - von und mit Peter Klemm: F\u00fcr deinen Weg zu deinem Ziel mit viel Freude und Abwechslung, alltagstauglich.\" \/>\n<meta property=\"og:url\" content=\"https:\/\/peak-sports.de\/en\/coaching-bei-peak-sports-de\/\" \/>\n<meta property=\"og:site_name\" content=\"peak-sports\" \/>\n<meta property=\"article:modified_time\" content=\"2025-07-28T10:47:55+00:00\" \/>\n<meta property=\"og:image\" content=\"https:\/\/peak-sports.de\/wp-content\/uploads\/2022\/09\/Coaching_1-scaled.jpg\" \/>\n\t<meta property=\"og:image:width\" content=\"1706\" \/>\n\t<meta property=\"og:image:height\" content=\"2560\" \/>\n\t<meta property=\"og:image:type\" content=\"image\/jpeg\" \/>\n<meta name=\"twitter:card\" content=\"summary_large_image\" \/>\n<meta name=\"twitter:label1\" content=\"Est. reading time\" \/>\n\t<meta name=\"twitter:data1\" content=\"2 minutes\" \/>\n<script type=\"application\/ld+json\" class=\"yoast-schema-graph\">{\"@context\":\"https:\\\/\\\/schema.org\",\"@graph\":[{\"@type\":\"WebPage\",\"@id\":\"https:\\\/\\\/peak-sports.de\\\/coaching-bei-peak-sports-de\\\/\",\"url\":\"https:\\\/\\\/peak-sports.de\\\/coaching-bei-peak-sports-de\\\/\",\"name\":\"Coaching - peak-sports\",\"isPartOf\":{\"@id\":\"https:\\\/\\\/peak-sports.de\\\/#website\"},\"primaryImageOfPage\":{\"@id\":\"https:\\\/\\\/peak-sports.de\\\/coaching-bei-peak-sports-de\\\/#primaryimage\"},\"image\":{\"@id\":\"https:\\\/\\\/peak-sports.de\\\/coaching-bei-peak-sports-de\\\/#primaryimage\"},\"thumbnailUrl\":\"https:\\\/\\\/peak-sports.de\\\/wp-content\\\/uploads\\\/2022\\\/09\\\/Coaching_1-1200x700.jpg\",\"datePublished\":\"2022-09-03T11:15:42+00:00\",\"dateModified\":\"2025-07-28T10:47:55+00:00\",\"description\":\"Coaching bei peak-sports.de - von und mit Peter Klemm: F\u00fcr deinen Weg zu deinem Ziel mit viel Freude und Abwechslung, alltagstauglich.\",\"breadcrumb\":{\"@id\":\"https:\\\/\\\/peak-sports.de\\\/coaching-bei-peak-sports-de\\\/#breadcrumb\"},\"inLanguage\":\"en-US\",\"potentialAction\":[{\"@type\":\"ReadAction\",\"target\":[\"https:\\\/\\\/peak-sports.de\\\/coaching-bei-peak-sports-de\\\/\"]}]},{\"@type\":\"ImageObject\",\"inLanguage\":\"en-US\",\"@id\":\"https:\\\/\\\/peak-sports.de\\\/coaching-bei-peak-sports-de\\\/#primaryimage\",\"url\":\"https:\\\/\\\/peak-sports.de\\\/wp-content\\\/uploads\\\/2022\\\/09\\\/Coaching_1-1200x700.jpg\",\"contentUrl\":\"https:\\\/\\\/peak-sports.de\\\/wp-content\\\/uploads\\\/2022\\\/09\\\/Coaching_1-1200x700.jpg\"},{\"@type\":\"BreadcrumbList\",\"@id\":\"https:\\\/\\\/peak-sports.de\\\/coaching-bei-peak-sports-de\\\/#breadcrumb\",\"itemListElement\":[{\"@type\":\"ListItem\",\"position\":1,\"name\":\"Startseite\",\"item\":\"https:\\\/\\\/peak-sports.de\\\/\"},{\"@type\":\"ListItem\",\"position\":2,\"name\":\"Coaching\"}]},{\"@type\":\"WebSite\",\"@id\":\"https:\\\/\\\/peak-sports.de\\\/#website\",\"url\":\"https:\\\/\\\/peak-sports.de\\\/\",\"name\":\"peak-sports\",\"description\":\"Triathloncamps in Zypern\",\"potentialAction\":[{\"@type\":\"SearchAction\",\"target\":{\"@type\":\"EntryPoint\",\"urlTemplate\":\"https:\\\/\\\/peak-sports.de\\\/?s={search_term_string}\"},\"query-input\":{\"@type\":\"PropertyValueSpecification\",\"valueRequired\":true,\"valueName\":\"search_term_string\"}}],\"inLanguage\":\"en-US\"}]}<\/script>\n<!-- \/ Yoast SEO plugin. -->","yoast_head_json":{"title":"Coaching - peak-sports","description":"Coaching bei peak-sports.de - von und mit Peter Klemm: F\u00fcr deinen Weg zu deinem Ziel mit viel Freude und Abwechslung, alltagstauglich.","robots":{"index":"index","follow":"follow","max-snippet":"max-snippet:-1","max-image-preview":"max-image-preview:large","max-video-preview":"max-video-preview:-1"},"canonical":"https:\/\/peak-sports.de\/en\/coaching-bei-peak-sports-de\/","og_locale":"en_US","og_type":"article","og_title":"Coaching - peak-sports","og_description":"Coaching bei peak-sports.de - von und mit Peter Klemm: F\u00fcr deinen Weg zu deinem Ziel mit viel Freude und Abwechslung, alltagstauglich.","og_url":"https:\/\/peak-sports.de\/en\/coaching-bei-peak-sports-de\/","og_site_name":"peak-sports","article_modified_time":"2025-07-28T10:47:55+00:00","og_image":[{"width":1706,"height":2560,"url":"https:\/\/peak-sports.de\/wp-content\/uploads\/2022\/09\/Coaching_1-scaled.jpg","type":"image\/jpeg"}],"twitter_card":"summary_large_image","twitter_misc":{"Est. reading time":"2 minutes"},"schema":{"@context":"https:\/\/schema.org","@graph":[{"@type":"WebPage","@id":"https:\/\/peak-sports.de\/coaching-bei-peak-sports-de\/","url":"https:\/\/peak-sports.de\/coaching-bei-peak-sports-de\/","name":"Coaching - peak-sports","isPartOf":{"@id":"https:\/\/peak-sports.de\/#website"},"primaryImageOfPage":{"@id":"https:\/\/peak-sports.de\/coaching-bei-peak-sports-de\/#primaryimage"},"image":{"@id":"https:\/\/peak-sports.de\/coaching-bei-peak-sports-de\/#primaryimage"},"thumbnailUrl":"https:\/\/peak-sports.de\/wp-content\/uploads\/2022\/09\/Coaching_1-1200x700.jpg","datePublished":"2022-09-03T11:15:42+00:00","dateModified":"2025-07-28T10:47:55+00:00","description":"Coaching bei peak-sports.de - von und mit Peter Klemm: F\u00fcr deinen Weg zu deinem Ziel mit viel Freude und Abwechslung, alltagstauglich.","breadcrumb":{"@id":"https:\/\/peak-sports.de\/coaching-bei-peak-sports-de\/#breadcrumb"},"inLanguage":"en-US","potentialAction":[{"@type":"ReadAction","target":["https:\/\/peak-sports.de\/coaching-bei-peak-sports-de\/"]}]},{"@type":"ImageObject","inLanguage":"en-US","@id":"https:\/\/peak-sports.de\/coaching-bei-peak-sports-de\/#primaryimage","url":"https:\/\/peak-sports.de\/wp-content\/uploads\/2022\/09\/Coaching_1-1200x700.jpg","contentUrl":"https:\/\/peak-sports.de\/wp-content\/uploads\/2022\/09\/Coaching_1-1200x700.jpg"},{"@type":"BreadcrumbList","@id":"https:\/\/peak-sports.de\/coaching-bei-peak-sports-de\/#breadcrumb","itemListElement":[{"@type":"ListItem","position":1,"name":"Startseite","item":"https:\/\/peak-sports.de\/"},{"@type":"ListItem","position":2,"name":"Coaching"}]},{"@type":"WebSite","@id":"https:\/\/peak-sports.de\/#website","url":"https:\/\/peak-sports.de\/","name":"peak-sports","description":"Triathloncamps in Zypern","potentialAction":[{"@type":"SearchAction","target":{"@type":"EntryPoint","urlTemplate":"https:\/\/peak-sports.de\/?s={search_term_string}"},"query-input":{"@type":"PropertyValueSpecification","valueRequired":true,"valueName":"search_term_string"}}],"inLanguage":"en-US"}]}},"_links":{"self":[{"href":"https:\/\/peak-sports.de\/en\/wp-json\/wp\/v2\/pages\/245","targetHints":{"allow":["GET"]}}],"collection":[{"href":"https:\/\/peak-sports.de\/en\/wp-json\/wp\/v2\/pages"}],"about":[{"href":"https:\/\/peak-sports.de\/en\/wp-json\/wp\/v2\/types\/page"}],"author":[{"embeddable":true,"href":"https:\/\/peak-sports.de\/en\/wp-json\/wp\/v2\/users\/1"}],"replies":[{"embeddable":true,"href":"https:\/\/peak-sports.de\/en\/wp-json\/wp\/v2\/comments?post=245"}],"version-history":[{"count":146,"href":"https:\/\/peak-sports.de\/en\/wp-json\/wp\/v2\/pages\/245\/revisions"}],"predecessor-version":[{"id":1636,"href":"https:\/\/peak-sports.de\/en\/wp-json\/wp\/v2\/pages\/245\/revisions\/1636"}],"wp:attachment":[{"href":"https:\/\/peak-sports.de\/en\/wp-json\/wp\/v2\/media?parent=245"}],"curies":[{"name":"wp","href":"https:\/\/api.w.org\/{rel}","templated":true}]}}